{"id":102,"date":"2023-08-07T18:20:01","date_gmt":"2023-08-07T21:20:01","guid":{"rendered":"https:\/\/agenciaposeidon.com.br\/clientes\/wordpress\/?page_id=102"},"modified":"2024-01-23T21:38:29","modified_gmt":"2024-01-24T00:38:29","slug":"semesp","status":"publish","type":"page","link":"https:\/\/ceicnatal.org.br\/ceic\/semesp\/","title":{"rendered":"SEMESP"},"content":{"rendered":"\n<p class=\"has-large-font-size\">Semana Esp\u00edrita de Ponta Negra<\/p>\n\n\n\n<p><strong>SEMESP &#8211; SEMANA ESP\u00cdRITA DE PONTA NEGRA<\/strong><\/p>\n\n\n\n<p>O Centro Esp\u00edrita Irm\u00e3os do Caminho (CEIC), localizado no bairro Ponta Negra, em Natal, realiza todos os anos a \u201cSemana Esp\u00edrita de Ponta Negra\u201d, evento de difus\u00e3o da Doutrina Esp\u00edrita que j\u00e1 se tornou tradi\u00e7\u00e3o e se integrou ao calend\u00e1rio esp\u00edrita do Rio Grande do Norte. A cada edi\u00e7\u00e3o da Semana Esp\u00edrita, s\u00e3o debatidos temas da atualidade, sempre sob a \u00f3tica esp\u00edrita e com participa\u00e7\u00e3o dos mais renomados expositores esp\u00edritas brasileiros da atualidade. Em 2023, a Semana Esp\u00edrita promoveu a sua 27\u00aa edi\u00e7\u00e3o.<br><\/p>\n\n\n\n<p>A Semana Esp\u00edrita \u00e9 realizada sempre na \u00faltima semana de outubro, em alus\u00e3o ao anivers\u00e1rio do CEIC, que ocorre nesse m\u00eas de sua funda\u00e7\u00e3o, no ano de 1982. Em 2023, foram debatidos temas como \u201cTransi\u00e7\u00e3o Planet\u00e1ria\u201d, \u201cAs Leis Morais e a Sociedade&#8221;, \u201cCi\u00eancia da Vida Ap\u00f3s a Morte&#8221;, \u201cCrise Cultural, Sa\u00fade Mental e Crescimento Moral&#8221;, \u201cA Face Oculta da Medicina\u201d e \u201cMedicina Medi\u00fanica do Futuro\u201d. A Semana Esp\u00edrita \u00e9 realizada na sede do CEIC, que fica situada na Avenida Praia de Muri\u00fa, n\u00ba 9150, no bairro de Ponta Negra, em Natal -RN.<br><\/p>\n\n\n\n<p>A 28\u00aa edi\u00e7\u00e3o da Semana Esp\u00edrita de Ponta Negra ser\u00e1 de 21 a 26 de outubro de 2024, com temas e expositores a serem divulgados at\u00e9 julho do ano que vem. Os encontros ocorrem sempre de segunda a s\u00e1bado, a partir das 19h30, iniciando com apresenta\u00e7\u00f5es art\u00edsticas e culturais. J\u00e1 palestraram nas diversas edi\u00e7\u00f5es da Semana Esp\u00edrita de Ponta Negra nomes como Cosme Massi, Ma\u00edze Braga, Anete Guimar\u00e3es, Ane Guimar\u00e3es, Andrei Moreira, Frederico Menezes, Cl\u00f3vis Nunes, Tatto Savi, Ivana Raisky, Humberto Schubert, Paulo C\u00e9sar Fructuoso, entre outros expositores esp\u00edritas.<br><\/p>\n","protected":false},"excerpt":{"rendered":"<p>Semana Esp\u00edrita de Ponta Negra SEMESP &#8211; SEMANA ESP\u00cdRITA DE PONTA NEGRA O Centro Esp\u00edrita Irm\u00e3os do Caminho (CEIC), localizado no bairro Ponta Negra, em Natal, realiza todos os anos a \u201cSemana Esp\u00edrita de Ponta Negra\u201d, evento de difus\u00e3o da Doutrina Esp\u00edrita que j\u00e1 se tornou tradi\u00e7\u00e3o e se integrou ao calend\u00e1rio esp\u00edrita do Rio [&hellip;]<\/p>\n","protected":false},"author":2,"featured_media":0,"parent":0,"menu_order":0,"comment_status":"closed","ping_status":"closed","template":"blankfull.php","meta":{"_acf_changed":false,"footnotes":""},"class_list":["post-102","page","type-page","status-publish","hentry"],"acf":[],"_links":{"self":[{"href":"https:\/\/ceicnatal.org.br\/ceic\/wp-json\/wp\/v2\/pages\/102","targetHints":{"allow":["GET"]}}],"collection":[{"href":"https:\/\/ceicnatal.org.br\/ceic\/wp-json\/wp\/v2\/pages"}],"about":[{"href":"https:\/\/ceicnatal.org.br\/ceic\/wp-json\/wp\/v2\/types\/page"}],"author":[{"embeddable":true,"href":"https:\/\/ceicnatal.org.br\/ceic\/wp-json\/wp\/v2\/users\/2"}],"replies":[{"embeddable":true,"href":"https:\/\/ceicnatal.org.br\/ceic\/wp-json\/wp\/v2\/comments?post=102"}],"version-history":[{"count":2,"href":"https:\/\/ceicnatal.org.br\/ceic\/wp-json\/wp\/v2\/pages\/102\/revisions"}],"predecessor-version":[{"id":216,"href":"https:\/\/ceicnatal.org.br\/ceic\/wp-json\/wp\/v2\/pages\/102\/revisions\/216"}],"wp:attachment":[{"href":"https:\/\/ceicnatal.org.br\/ceic\/wp-json\/wp\/v2\/media?parent=102"}],"curies":[{"name":"wp","href":"https:\/\/api.w.org\/{rel}","templated":true}]}}