{"id":108,"date":"2023-08-07T18:23:23","date_gmt":"2023-08-07T21:23:23","guid":{"rendered":"https:\/\/agenciaposeidon.com.br\/clientes\/wordpress\/?page_id=108"},"modified":"2023-08-21T08:40:58","modified_gmt":"2023-08-21T11:40:58","slug":"irmaossolidarios","status":"publish","type":"page","link":"https:\/\/ceicnatal.org.br\/ceic\/irmaossolidarios\/","title":{"rendered":"Programa Irm\u00e3os Solid\u00e1rios"},"content":{"rendered":"\n<p class=\"has-large-font-size\">Programa Irm\u00e3os Solid\u00e1rios<\/p>\n\n\n\n<p>Programa de atendimento espiritual a pessoas em situa\u00e7\u00e3o de risco social ou que necessitam de amparo material\/espiritual, e que est\u00e3o impossibilitadas de deslocamento at\u00e9 a sede do Centro. \u00c9 feito atrav\u00e9s de uma equipe de trabalhadores volunt\u00e1rios, por meio de visitas semanais \u00e0s moradias dos atendidos.<\/p>\n\n\n\n<p>Tem o objetivo de proporcionar conforto, assist\u00eancia e amparo espiritual, por meio do Evangelho no Lar, aplica\u00e7\u00e3o de passes, preces e \u00e1gua fluidificada.<\/p>\n","protected":false},"excerpt":{"rendered":"<p>Programa Irm\u00e3os Solid\u00e1rios Programa de atendimento espiritual a pessoas em situa\u00e7\u00e3o de risco social ou que necessitam de amparo material\/espiritual, e que est\u00e3o impossibilitadas de deslocamento at\u00e9 a sede do Centro. \u00c9 feito atrav\u00e9s de uma equipe de trabalhadores volunt\u00e1rios, por meio de visitas semanais \u00e0s moradias dos atendidos. Tem o objetivo de proporcionar conforto, [&hellip;]<\/p>\n","protected":false},"author":2,"featured_media":0,"parent":0,"menu_order":0,"comment_status":"closed","ping_status":"closed","template":"blankfull.php","meta":{"_acf_changed":false,"footnotes":""},"class_list":["post-108","page","type-page","status-publish","hentry"],"acf":[],"_links":{"self":[{"href":"https:\/\/ceicnatal.org.br\/ceic\/wp-json\/wp\/v2\/pages\/108","targetHints":{"allow":["GET"]}}],"collection":[{"href":"https:\/\/ceicnatal.org.br\/ceic\/wp-json\/wp\/v2\/pages"}],"about":[{"href":"https:\/\/ceicnatal.org.br\/ceic\/wp-json\/wp\/v2\/types\/page"}],"author":[{"embeddable":true,"href":"https:\/\/ceicnatal.org.br\/ceic\/wp-json\/wp\/v2\/users\/2"}],"replies":[{"embeddable":true,"href":"https:\/\/ceicnatal.org.br\/ceic\/wp-json\/wp\/v2\/comments?post=108"}],"version-history":[{"count":2,"href":"https:\/\/ceicnatal.org.br\/ceic\/wp-json\/wp\/v2\/pages\/108\/revisions"}],"predecessor-version":[{"id":172,"href":"https:\/\/ceicnatal.org.br\/ceic\/wp-json\/wp\/v2\/pages\/108\/revisions\/172"}],"wp:attachment":[{"href":"https:\/\/ceicnatal.org.br\/ceic\/wp-json\/wp\/v2\/media?parent=108"}],"curies":[{"name":"wp","href":"https:\/\/api.w.org\/{rel}","templated":true}]}}