{"id":135,"date":"2023-08-07T18:10:04","date_gmt":"2023-08-07T21:10:04","guid":{"rendered":"https:\/\/agenciaposeidon.com.br\/clientes\/wordpress\/?page_id=93"},"modified":"2024-01-23T11:01:15","modified_gmt":"2024-01-23T14:01:15","slug":"livraria","status":"publish","type":"page","link":"https:\/\/ceicnatal.org.br\/ceic\/livraria\/","title":{"rendered":"Livraria e Biblioteca"},"content":{"rendered":"\n<p><strong>LIVRARIA \u201cLUIZ S\u00c9RGIO\u201d<\/strong><\/p>\n\n\n\n<p><\/p>\n\n\n\n<p>Para quem deseja se aprofundar no vasto conhecimento propiciado pela Doutrina Esp\u00edrita, o Centro Esp\u00edrita Irm\u00e3os do Caminho (CEIC) disponibiliza ao p\u00fablico em geral a Livraria \u201cLuiz S\u00e9rgio\u201d. Nela \u00e9 poss\u00edvel encontrar obras dos mais diversos autores, um verdadeiro curso de inicia\u00e7\u00e3o ao conhecimento esp\u00edrita. Na Livraria Luiz S\u00e9rgio encontram-se todas as obras relacionadas \u00e0 Codifica\u00e7\u00e3o Esp\u00edrita, organizadas por Allan Kardec, assim como as obras complementares, da lavra de Esp\u00edritos como Emannuel, Andr\u00e9 Luiz, Joanna de \u00c2ngelis, Manoel Philomeno de Miranda, Leon Dennis, dentre v\u00e1rios outros, sobretudo pelas psicografias dos m\u00e9diuns Francisco C\u00e2ndido Xavier e Divaldo Pereira Franco, dentre outros. A Livraria Luiz S\u00e9rgio funciona diariamente, de segunda a sexta, das 8h30 \u00e0s 17h, e segundas e quartas, at\u00e9 \u00e0s 21h30 (durante as palestras p\u00fablicas).<br><br><strong>BIBLIOTECA \u201cLAURO PEREIRA\u201d<\/strong><\/p>\n\n\n\n<p><br>Para os estudantes da Doutrina Esp\u00edrita e interessados em geral, o Centro Esp\u00edrita Irm\u00e3os do Caminho (CEIC) tamb\u00e9m oferece uma Biblioteca. Trata-se da Biblioteca \u201cLauro Pereira\u201d, um verdadeiro manancial de conhecimento esp\u00edrita atrav\u00e9s de diversas obras que s\u00e3o disponibilizadas para empr\u00e9stimo ou leitura no pr\u00f3prio local. Na biblioteca \u201cLauro Pereira\u201d tamb\u00e9m \u00e9 poss\u00edvel encontrar uma vasta gama de obras esp\u00edritas, da codifica\u00e7\u00e3o a obras complementares, destinadas ao aprofundamento da Doutrina Esp\u00edrita. Funciona diariamente, de segunda a sexta, das 8h30 \u00e0s 17h, e segundas e quartas, at\u00e9 \u00e0s 21h30 (durante as palestras p\u00fablicas).<\/p>\n","protected":false},"excerpt":{"rendered":"<p>LIVRARIA \u201cLUIZ S\u00c9RGIO\u201d Para quem deseja se aprofundar no vasto conhecimento propiciado pela Doutrina Esp\u00edrita, o Centro Esp\u00edrita Irm\u00e3os do Caminho (CEIC) disponibiliza ao p\u00fablico em geral a Livraria \u201cLuiz S\u00e9rgio\u201d. Nela \u00e9 poss\u00edvel encontrar obras dos mais diversos autores, um verdadeiro curso de inicia\u00e7\u00e3o ao conhecimento esp\u00edrita. Na Livraria Luiz S\u00e9rgio encontram-se todas as [&hellip;]<\/p>\n","protected":false},"author":2,"featured_media":0,"parent":0,"menu_order":0,"comment_status":"closed","ping_status":"closed","template":"blankfull.php","meta":{"_acf_changed":false,"footnotes":""},"class_list":["post-135","page","type-page","status-publish","hentry"],"acf":[],"_links":{"self":[{"href":"https:\/\/ceicnatal.org.br\/ceic\/wp-json\/wp\/v2\/pages\/135","targetHints":{"allow":["GET"]}}],"collection":[{"href":"https:\/\/ceicnatal.org.br\/ceic\/wp-json\/wp\/v2\/pages"}],"about":[{"href":"https:\/\/ceicnatal.org.br\/ceic\/wp-json\/wp\/v2\/types\/page"}],"author":[{"embeddable":true,"href":"https:\/\/ceicnatal.org.br\/ceic\/wp-json\/wp\/v2\/users\/2"}],"replies":[{"embeddable":true,"href":"https:\/\/ceicnatal.org.br\/ceic\/wp-json\/wp\/v2\/comments?post=135"}],"version-history":[{"count":2,"href":"https:\/\/ceicnatal.org.br\/ceic\/wp-json\/wp\/v2\/pages\/135\/revisions"}],"predecessor-version":[{"id":202,"href":"https:\/\/ceicnatal.org.br\/ceic\/wp-json\/wp\/v2\/pages\/135\/revisions\/202"}],"wp:attachment":[{"href":"https:\/\/ceicnatal.org.br\/ceic\/wp-json\/wp\/v2\/media?parent=135"}],"curies":[{"name":"wp","href":"https:\/\/api.w.org\/{rel}","templated":true}]}}