{"id":140,"date":"2023-08-07T18:24:30","date_gmt":"2023-08-07T21:24:30","guid":{"rendered":"https:\/\/agenciaposeidon.com.br\/clientes\/wordpress\/?page_id=110"},"modified":"2023-08-21T08:41:54","modified_gmt":"2023-08-21T11:41:54","slug":"campanhaquilo","status":"publish","type":"page","link":"https:\/\/ceicnatal.org.br\/ceic\/campanhaquilo\/","title":{"rendered":"Campanha do Quilo"},"content":{"rendered":"\n<p class=\"has-large-font-size\">Campanha do Quilo<\/p>\n\n\n\n<p>As portas do CEIC est\u00e3o diariamente abertas de segunda a sexta, das 8h30 \u00e0s 21h, e aos s\u00e1bados, das 8h30 \u00e0s 17h, para o recebimento de doa\u00e7\u00f5es de alimentos n\u00e3o perec\u00edveis. As doa\u00e7\u00f5es podem ser combinadas atrav\u00e9s do telefone e whatsapp. Todos os alimentos s\u00e3o destinados \u00e0s obras sociais do CEIC.<\/p>\n\n\n\n<p><strong>PROGRAMA ALIMENTO E LUZ \u2013 CESTAS B\u00c1SICAS<\/strong><\/p>\n\n\n\n<p>Programa social de apoio e amparo \u00e0s fam\u00edlias cadastradas, moradoras da Vila de Ponta Negra, que se encontram em situa\u00e7\u00e3o de vulnerabilidade social e inseguran\u00e7a alimentar, que recebem mensalmente uma cesta de alimentos n\u00e3o perec\u00edveis arrecadados atrav\u00e9s da Campanha do Quilo. As doa\u00e7\u00f5es podem ser feitas presencialmente na sede do CEIC ou combinadas atrav\u00e9s do telefone e whatsapp 84 3236-3489.<\/p>\n","protected":false},"excerpt":{"rendered":"<p>Campanha do Quilo As portas do CEIC est\u00e3o diariamente abertas de segunda a sexta, das 8h30 \u00e0s 21h, e aos s\u00e1bados, das 8h30 \u00e0s 17h, para o recebimento de doa\u00e7\u00f5es de alimentos n\u00e3o perec\u00edveis. As doa\u00e7\u00f5es podem ser combinadas atrav\u00e9s do telefone e whatsapp. Todos os alimentos s\u00e3o destinados \u00e0s obras sociais do CEIC. PROGRAMA [&hellip;]<\/p>\n","protected":false},"author":2,"featured_media":0,"parent":0,"menu_order":0,"comment_status":"closed","ping_status":"closed","template":"blankfull.php","meta":{"_acf_changed":false,"footnotes":""},"class_list":["post-140","page","type-page","status-publish","hentry"],"acf":[],"_links":{"self":[{"href":"https:\/\/ceicnatal.org.br\/ceic\/wp-json\/wp\/v2\/pages\/140","targetHints":{"allow":["GET"]}}],"collection":[{"href":"https:\/\/ceicnatal.org.br\/ceic\/wp-json\/wp\/v2\/pages"}],"about":[{"href":"https:\/\/ceicnatal.org.br\/ceic\/wp-json\/wp\/v2\/types\/page"}],"author":[{"embeddable":true,"href":"https:\/\/ceicnatal.org.br\/ceic\/wp-json\/wp\/v2\/users\/2"}],"replies":[{"embeddable":true,"href":"https:\/\/ceicnatal.org.br\/ceic\/wp-json\/wp\/v2\/comments?post=140"}],"version-history":[{"count":2,"href":"https:\/\/ceicnatal.org.br\/ceic\/wp-json\/wp\/v2\/pages\/140\/revisions"}],"predecessor-version":[{"id":174,"href":"https:\/\/ceicnatal.org.br\/ceic\/wp-json\/wp\/v2\/pages\/140\/revisions\/174"}],"wp:attachment":[{"href":"https:\/\/ceicnatal.org.br\/ceic\/wp-json\/wp\/v2\/media?parent=140"}],"curies":[{"name":"wp","href":"https:\/\/api.w.org\/{rel}","templated":true}]}}