{"id":82,"date":"2023-07-25T22:29:52","date_gmt":"2023-07-26T01:29:52","guid":{"rendered":"https:\/\/agenciaposeidon.com.br\/clientes\/wordpress\/?page_id=82"},"modified":"2024-01-23T13:43:45","modified_gmt":"2024-01-23T16:43:45","slug":"educacaomediunica","status":"publish","type":"page","link":"https:\/\/ceicnatal.org.br\/ceic\/educacaomediunica\/","title":{"rendered":"Mediunidade &#8211; Estudo e Pr\u00e1tica"},"content":{"rendered":"\n<p>O curso Mediunidade: Estudo e Pr\u00e1tica tem como objetivo o estudo te\u00f3rico e a pr\u00e1tica da mediunidade, fundamentado na Codifica\u00e7\u00e3o Kardequiana e nas obras subsidi\u00e1rias. O estudo \u00e9 voltado aos interessados em aprofundar seus conhecimentos sobre o interc\u00e2mbio medi\u00fanico e em vivenciar a educa\u00e7\u00e3o medi\u00fanica, proporcionando momentos de prepara\u00e7\u00e3o aos que pretendem integrar-se em grupos medi\u00fanicos. Por assumir uma perspectiva te\u00f3rico-pr\u00e1tica, sugere-se que os participantes, ao ingressarem, tenham conhecimento b\u00e1sico dos princ\u00edpios esp\u00edritas ou realizem estudos complementares nos demais cursos oferecidos. <\/p>\n\n\n\n<p>Dias e hor\u00e1rios: Ter\u00e7as-feiras das 19h30 \u00e0s 21h.<\/p>\n","protected":false},"excerpt":{"rendered":"<p>O curso Mediunidade: Estudo e Pr\u00e1tica tem como objetivo o estudo te\u00f3rico e a pr\u00e1tica da mediunidade, fundamentado na Codifica\u00e7\u00e3o Kardequiana e nas obras subsidi\u00e1rias. O estudo \u00e9 voltado aos interessados em aprofundar seus conhecimentos sobre o interc\u00e2mbio medi\u00fanico e em vivenciar a educa\u00e7\u00e3o medi\u00fanica, proporcionando momentos de prepara\u00e7\u00e3o aos que pretendem integrar-se em grupos [&hellip;]<\/p>\n","protected":false},"author":2,"featured_media":0,"parent":0,"menu_order":0,"comment_status":"closed","ping_status":"closed","template":"blankfull.php","meta":{"_acf_changed":false,"footnotes":""},"class_list":["post-82","page","type-page","status-publish","hentry"],"acf":[],"_links":{"self":[{"href":"https:\/\/ceicnatal.org.br\/ceic\/wp-json\/wp\/v2\/pages\/82","targetHints":{"allow":["GET"]}}],"collection":[{"href":"https:\/\/ceicnatal.org.br\/ceic\/wp-json\/wp\/v2\/pages"}],"about":[{"href":"https:\/\/ceicnatal.org.br\/ceic\/wp-json\/wp\/v2\/types\/page"}],"author":[{"embeddable":true,"href":"https:\/\/ceicnatal.org.br\/ceic\/wp-json\/wp\/v2\/users\/2"}],"replies":[{"embeddable":true,"href":"https:\/\/ceicnatal.org.br\/ceic\/wp-json\/wp\/v2\/comments?post=82"}],"version-history":[{"count":2,"href":"https:\/\/ceicnatal.org.br\/ceic\/wp-json\/wp\/v2\/pages\/82\/revisions"}],"predecessor-version":[{"id":208,"href":"https:\/\/ceicnatal.org.br\/ceic\/wp-json\/wp\/v2\/pages\/82\/revisions\/208"}],"wp:attachment":[{"href":"https:\/\/ceicnatal.org.br\/ceic\/wp-json\/wp\/v2\/media?parent=82"}],"curies":[{"name":"wp","href":"https:\/\/api.w.org\/{rel}","templated":true}]}}